{"id":202,"date":"2024-01-31T07:01:37","date_gmt":"2024-01-31T10:01:37","guid":{"rendered":"https:\/\/2mengenhariaconstrucao.com.br\/bh\/?page_id=202"},"modified":"2025-02-26T09:14:58","modified_gmt":"2025-02-26T12:14:58","slug":"revitalizacao-de-fachadas","status":"publish","type":"page","link":"https:\/\/www.2mconstrutora.com.br\/?page_id=202","title":{"rendered":"Revitaliza\u00e7\u00e3o de Fachadas"},"content":{"rendered":"\t\t<div data-elementor-type=\"wp-page\" data-elementor-id=\"202\" class=\"elementor elementor-202\">\n\t\t\t\t<div class=\"elementor-element elementor-element-6ae22bde e-flex e-con-boxed e-con e-parent\" data-id=\"6ae22bde\" data-element_type=\"container\" data-e-type=\"container\" data-settings=\"{&quot;background_background&quot;:&quot;classic&quot;}\">\n\t\t\t\t\t<div class=\"e-con-inner\">\n\t\t\t\t<div class=\"elementor-element elementor-element-47aaf681 elementor-widget elementor-widget-text-editor\" data-id=\"47aaf681\" data-element_type=\"widget\" data-e-type=\"widget\" data-widget_type=\"text-editor.default\">\n\t\t\t\t<div class=\"elementor-widget-container\">\n\t\t\t\t\t\t\t\t\t<p><a href=\"#\">Home<\/a> \/ Nossos Servi\u00e7os<\/p>\t\t\t\t\t\t\t\t<\/div>\n\t\t\t\t<\/div>\n\t\t\t\t<div class=\"elementor-element elementor-element-8c2de6a elementor-widget elementor-widget-heading\" data-id=\"8c2de6a\" data-element_type=\"widget\" data-e-type=\"widget\" data-widget_type=\"heading.default\">\n\t\t\t\t<div class=\"elementor-widget-container\">\n\t\t\t\t\t<h2 class=\"elementor-heading-title elementor-size-default\">Revitaliza\u00e7\u00e3o de Fachadas Prediais<\/h2>\t\t\t\t<\/div>\n\t\t\t\t<\/div>\n\t\t\t\t<div class=\"elementor-element elementor-element-feb4d0f elementor-widget elementor-widget-html\" data-id=\"feb4d0f\" data-element_type=\"widget\" data-e-type=\"widget\" data-widget_type=\"html.default\">\n\t\t\t\t<div class=\"elementor-widget-container\">\n\t\t\t\t\t<!-- Google tag (gtag.js) -->\r\n<script async src=\"https:\/\/www.googletagmanager.com\/gtag\/js?id=AW-10907178531\"><\/script>\r\n<script>\r\n  window.dataLayer = window.dataLayer || [];\r\n  function gtag(){dataLayer.push(arguments);}\r\n  gtag('js', new Date());\r\n\r\n  gtag('config', 'AW-10907178531');\r\n<\/script>\t\t\t\t<\/div>\n\t\t\t\t<\/div>\n\t\t\t\t\t<\/div>\n\t\t\t\t<\/div>\n\t\t<div class=\"elementor-element elementor-element-7fcb3817 e-flex e-con-boxed e-con e-parent\" data-id=\"7fcb3817\" data-element_type=\"container\" data-e-type=\"container\" data-settings=\"{&quot;background_background&quot;:&quot;classic&quot;}\">\n\t\t\t\t\t<div class=\"e-con-inner\">\n\t\t\t\t<div class=\"elementor-element elementor-element-63f59a8 elementor-widget__width-initial elementor-widget elementor-widget-text-editor\" data-id=\"63f59a8\" data-element_type=\"widget\" data-e-type=\"widget\" data-widget_type=\"text-editor.default\">\n\t\t\t\t<div class=\"elementor-widget-container\">\n\t\t\t\t\t\t\t\t\t<p>A manuten\u00e7\u00e3o da fachada predial trata-se de a\u00e7\u00f5es preventivas, com o intuito de evitar poss\u00edveis problemas ou acidentes, assegurando as condi\u00e7\u00f5es apropriadas.<br \/><br \/>Um exemplo de manuten\u00e7\u00e3o predial \u00e9 a limpeza dos revestimentos. Uma revitaliza\u00e7\u00e3o preventiva das fachadas de pr\u00e9dios controla trincas, fissuras, descascamento de revestimento e desplacamento, al\u00e9m de outros problemas que, al\u00e9m de comprometerem a beleza do pr\u00e9dio, pode causar infiltra\u00e7\u00f5es e outras patologias.<br \/><br \/>A revitaliza\u00e7\u00e3o, quando realizada de forma peri\u00f3dica, pode inclusive valorizar o im\u00f3vel em at\u00e9 30% sugere que haja uma periodicidade pr\u00e9-estipulada para manuten\u00e7\u00e3o de fachadas: tr\u00eas anos para repintura e dois anos para lavagem e limpeza.<br \/><br \/>Se os condom\u00ednios se organizarem para realizar esse trabalho de forma preventiva, todos ganham em funcionalidade, est\u00e9tica e valoriza\u00e7\u00e3o dos im\u00f3veis<\/p>\t\t\t\t\t\t\t\t<\/div>\n\t\t\t\t<\/div>\n\t\t\t\t<div class=\"elementor-element elementor-element-77fe6e6f elementor-widget elementor-widget-button\" data-id=\"77fe6e6f\" data-element_type=\"widget\" data-e-type=\"widget\" data-widget_type=\"button.default\">\n\t\t\t\t<div class=\"elementor-widget-container\">\n\t\t\t\t\t\t\t\t\t<div class=\"elementor-button-wrapper\">\n\t\t\t\t\t<a class=\"elementor-button elementor-button-link elementor-size-md\" href=\"https:\/\/wa.me\/5531984107766?text=Ol%C3%A1%2C+gostaria+de+fazer+um+or%C3%A7amento+gr%C3%A1tis+com+a+2M+Engenharia+e+Constru%C3%A7%C3%A3o.\">\n\t\t\t\t\t\t<span class=\"elementor-button-content-wrapper\">\n\t\t\t\t\t\t<span class=\"elementor-button-icon\">\n\t\t\t\t<i aria-hidden=\"true\" class=\"icon icon-whatsapp-1\"><\/i>\t\t\t<\/span>\n\t\t\t\t\t\t\t\t\t<span class=\"elementor-button-text\">Agendar um Visita T\u00e9cnica<\/span>\n\t\t\t\t\t<\/span>\n\t\t\t\t\t<\/a>\n\t\t\t\t<\/div>\n\t\t\t\t\t\t\t\t<\/div>\n\t\t\t\t<\/div>\n\t\t\t\t\t<\/div>\n\t\t\t\t<\/div>\n\t\t<div class=\"elementor-element elementor-element-6bce4d09 e-flex e-con-boxed e-con e-parent\" data-id=\"6bce4d09\" data-element_type=\"container\" data-e-type=\"container\" data-settings=\"{&quot;background_background&quot;:&quot;classic&quot;}\">\n\t\t\t\t\t<div class=\"e-con-inner\">\n\t\t\t\t<div class=\"elementor-element elementor-element-76ef1f8 elementor-widget-divider--view-line_text elementor-widget-divider--element-align-right elementor-widget elementor-widget-divider\" data-id=\"76ef1f8\" data-element_type=\"widget\" data-e-type=\"widget\" data-widget_type=\"divider.default\">\n\t\t\t\t<div class=\"elementor-widget-container\">\n\t\t\t\t\t\t\t<div class=\"elementor-divider\">\n\t\t\t<span class=\"elementor-divider-separator\">\n\t\t\t\t\t\t\t<span class=\"elementor-divider__text elementor-divider__element\">\n\t\t\t\t2M Engenharia e Constru\u00e7\u00e3o\t\t\t\t<\/span>\n\t\t\t\t\t\t<\/span>\n\t\t<\/div>\n\t\t\t\t\t\t<\/div>\n\t\t\t\t<\/div>\n\t\t\t\t<div class=\"elementor-element elementor-element-4a1e2f0f animated-slow elementor-invisible elementor-widget elementor-widget-heading\" data-id=\"4a1e2f0f\" data-element_type=\"widget\" data-e-type=\"widget\" data-settings=\"{&quot;_animation&quot;:&quot;fadeInUp&quot;}\" data-widget_type=\"heading.default\">\n\t\t\t\t<div class=\"elementor-widget-container\">\n\t\t\t\t\t<h3 class=\"elementor-heading-title elementor-size-default\">Somos especializados em trabalhos e reforma predial em alturas, equipe certificada!<\/h3>\t\t\t\t<\/div>\n\t\t\t\t<\/div>\n\t\t\t\t<div class=\"elementor-element elementor-element-17eef3c9 elementor-widget elementor-widget-text-editor\" data-id=\"17eef3c9\" data-element_type=\"widget\" data-e-type=\"widget\" data-widget_type=\"text-editor.default\">\n\t\t\t\t<div class=\"elementor-widget-container\">\n\t\t\t\t\t\t\t\t\t<div class=\"elementor-element elementor-element-39436c69 elementor-widget elementor-widget-heading\" data-id=\"39436c69\" data-element_type=\"widget\" data-widget_type=\"heading.default\"><div class=\"elementor-widget-container\"><h4 class=\"elementor-heading-title elementor-size-default\">Especialista em Reformas Prediais, Revitaliza\u00e7\u00e3o de Fachadas, Limpeza e Impermeabiliza\u00e7\u00e3o<\/h4><p>\u00a0<\/p><h4 class=\"elementor-heading-title elementor-size-default\" style=\"text-align: center;\"><span style=\"color: #003366;\">Confie e se surpreenda conosco!<\/span><\/h4><\/div><p>100% DOS EMPREENDIMENTOS ENTREGUES NO PRAZO, CONFIE E SE SURPREENDA CONOSCO<\/p><\/div>\t\t\t\t\t\t\t\t<\/div>\n\t\t\t\t<\/div>\n\t\t<div class=\"elementor-element elementor-element-c071c16 e-con-full e-flex e-con e-child\" data-id=\"c071c16\" data-element_type=\"container\" data-e-type=\"container\">\n\t\t\t\t<div class=\"elementor-element elementor-element-cf8c115 elementor-align-center elementor-widget__width-inherit elementor-widget elementor-widget-button\" data-id=\"cf8c115\" data-element_type=\"widget\" data-e-type=\"widget\" data-widget_type=\"button.default\">\n\t\t\t\t<div class=\"elementor-widget-container\">\n\t\t\t\t\t\t\t\t\t<div class=\"elementor-button-wrapper\">\n\t\t\t\t\t<a class=\"elementor-button elementor-button-link elementor-size-sm\" href=\"https:\/\/wa.me\/5531984107766?text=Ol%C3%A1%2C+gostaria+de+fazer+um+or%C3%A7amento+gr%C3%A1tis+com+a+2M+Engenharia+e+Constru%C3%A7%C3%A3o.\">\n\t\t\t\t\t\t<span class=\"elementor-button-content-wrapper\">\n\t\t\t\t\t\t\t\t\t<span class=\"elementor-button-text\">Agendar um Visita T\u00e9cnica<\/span>\n\t\t\t\t\t<\/span>\n\t\t\t\t\t<\/a>\n\t\t\t\t<\/div>\n\t\t\t\t\t\t\t\t<\/div>\n\t\t\t\t<\/div>\n\t\t\t\t<\/div>\n\t\t\t\t\t<\/div>\n\t\t\t\t<\/div>\n\t\t\t\t<\/div>\n\t\t","protected":false},"excerpt":{"rendered":"<p>Home \/ Nossos Servi\u00e7os Revitaliza\u00e7\u00e3o de Fachadas Prediais A manuten\u00e7\u00e3o da fachada predial trata-se de a\u00e7\u00f5es preventivas, com o intuito de evitar poss\u00edveis problemas ou acidentes, assegurando as condi\u00e7\u00f5es apropriadas. Um exemplo de manuten\u00e7\u00e3o predial \u00e9 a limpeza dos revestimentos. Uma revitaliza\u00e7\u00e3o preventiva das fachadas de pr\u00e9dios controla trincas, fissuras, descascamento de revestimento e desplacamento,&hellip; <a class=\"more-link\" href=\"https:\/\/www.2mconstrutora.com.br\/?page_id=202\">Continuar lendo <span class=\"screen-reader-text\">Revitaliza\u00e7\u00e3o de Fachadas<\/span><\/a><\/p>\n","protected":false},"author":1,"featured_media":0,"parent":0,"menu_order":0,"comment_status":"closed","ping_status":"closed","template":"elementor_header_footer","meta":{"footnotes":""},"class_list":["post-202","page","type-page","status-publish","hentry","entry"],"_links":{"self":[{"href":"https:\/\/www.2mconstrutora.com.br\/index.php?rest_route=\/wp\/v2\/pages\/202","targetHints":{"allow":["GET"]}}],"collection":[{"href":"https:\/\/www.2mconstrutora.com.br\/index.php?rest_route=\/wp\/v2\/pages"}],"about":[{"href":"https:\/\/www.2mconstrutora.com.br\/index.php?rest_route=\/wp\/v2\/types\/page"}],"author":[{"embeddable":true,"href":"https:\/\/www.2mconstrutora.com.br\/index.php?rest_route=\/wp\/v2\/users\/1"}],"replies":[{"embeddable":true,"href":"https:\/\/www.2mconstrutora.com.br\/index.php?rest_route=%2Fwp%2Fv2%2Fcomments&post=202"}],"version-history":[{"count":19,"href":"https:\/\/www.2mconstrutora.com.br\/index.php?rest_route=\/wp\/v2\/pages\/202\/revisions"}],"predecessor-version":[{"id":799,"href":"https:\/\/www.2mconstrutora.com.br\/index.php?rest_route=\/wp\/v2\/pages\/202\/revisions\/799"}],"wp:attachment":[{"href":"https:\/\/www.2mconstrutora.com.br\/index.php?rest_route=%2Fwp%2Fv2%2Fmedia&parent=202"}],"curies":[{"name":"wp","href":"https:\/\/api.w.org\/{rel}","templated":true}]}}