{"id":194,"date":"2024-01-31T06:50:34","date_gmt":"2024-01-31T09:50:34","guid":{"rendered":"https:\/\/2mengenhariaconstrucao.com.br\/bh\/?page_id=194"},"modified":"2025-02-26T09:13:39","modified_gmt":"2025-02-26T12:13:39","slug":"inspecao-predial-e-laudo-tecnico","status":"publish","type":"page","link":"https:\/\/www.2mconstrutora.com.br\/?page_id=194","title":{"rendered":"Inspe\u00e7\u00e3o Predial e Laudo T\u00e9cnico"},"content":{"rendered":"\t\t<div data-elementor-type=\"wp-page\" data-elementor-id=\"194\" class=\"elementor elementor-194\">\n\t\t\t\t<div class=\"elementor-element elementor-element-6ae22bde e-flex e-con-boxed e-con e-parent\" data-id=\"6ae22bde\" data-element_type=\"container\" data-e-type=\"container\" data-settings=\"{&quot;background_background&quot;:&quot;classic&quot;}\">\n\t\t\t\t\t<div class=\"e-con-inner\">\n\t\t\t\t<div class=\"elementor-element elementor-element-47aaf681 elementor-widget elementor-widget-text-editor\" data-id=\"47aaf681\" data-element_type=\"widget\" data-e-type=\"widget\" data-widget_type=\"text-editor.default\">\n\t\t\t\t<div class=\"elementor-widget-container\">\n\t\t\t\t\t\t\t\t\t<p><a href=\"#\">Home<\/a> \/ Nossos Servi\u00e7os<\/p>\t\t\t\t\t\t\t\t<\/div>\n\t\t\t\t<\/div>\n\t\t\t\t<div class=\"elementor-element elementor-element-8c2de6a elementor-widget elementor-widget-heading\" data-id=\"8c2de6a\" data-element_type=\"widget\" data-e-type=\"widget\" data-widget_type=\"heading.default\">\n\t\t\t\t<div class=\"elementor-widget-container\">\n\t\t\t\t\t<h2 class=\"elementor-heading-title elementor-size-default\">Inspe\u00e7\u00e3o Predial e Laudo T\u00e9cnico<\/h2>\t\t\t\t<\/div>\n\t\t\t\t<\/div>\n\t\t\t\t<div class=\"elementor-element elementor-element-1044fe6 elementor-widget elementor-widget-html\" data-id=\"1044fe6\" data-element_type=\"widget\" data-e-type=\"widget\" data-widget_type=\"html.default\">\n\t\t\t\t<div class=\"elementor-widget-container\">\n\t\t\t\t\t<!-- Google tag (gtag.js) -->\r\n<script async src=\"https:\/\/www.googletagmanager.com\/gtag\/js?id=AW-10907178531\"><\/script>\r\n<script>\r\n  window.dataLayer = window.dataLayer || [];\r\n  function gtag(){dataLayer.push(arguments);}\r\n  gtag('js', new Date());\r\n\r\n  gtag('config', 'AW-10907178531');\r\n<\/script>\t\t\t\t<\/div>\n\t\t\t\t<\/div>\n\t\t\t\t\t<\/div>\n\t\t\t\t<\/div>\n\t\t<div class=\"elementor-element elementor-element-7fcb3817 e-flex e-con-boxed e-con e-parent\" data-id=\"7fcb3817\" data-element_type=\"container\" data-e-type=\"container\" data-settings=\"{&quot;background_background&quot;:&quot;classic&quot;}\">\n\t\t\t\t\t<div class=\"e-con-inner\">\n\t\t\t\t<div class=\"elementor-element elementor-element-63f59a8 elementor-widget__width-initial elementor-widget elementor-widget-text-editor\" data-id=\"63f59a8\" data-element_type=\"widget\" data-e-type=\"widget\" data-widget_type=\"text-editor.default\">\n\t\t\t\t<div class=\"elementor-widget-container\">\n\t\t\t\t\t\t\t\t\t<p>A Inspe\u00e7\u00e3o Predial \u00e9 um servi\u00e7o fundamental para constatar a sa\u00fade da edifica\u00e7\u00e3o. Por meio dela se tem um panorama geral de todas as patologias prediais, tais como, danos estruturais, infiltra\u00e7\u00f5es, trincas, desplacamentos, e outros.<\/p><p>A inspe\u00e7\u00e3o predial \u00e9 a solu\u00e7\u00e3o ideal para guiar a realiza\u00e7\u00e3o das manuten\u00e7\u00f5es necess\u00e1rias, evitando-se desperd\u00edcios com a realiza\u00e7\u00e3o de reformas e reparos desnecess\u00e1rios.<\/p><p>Por interm\u00e9dio de um laudo detalhado, ela identifica as anomalias, suas poss\u00edveis causas e a melhor solu\u00e7\u00e3o do problema, al\u00e9m de padronizar as propostas de or\u00e7amento para a realiza\u00e7\u00e3o das manuten\u00e7\u00f5es.<\/p>\t\t\t\t\t\t\t\t<\/div>\n\t\t\t\t<\/div>\n\t\t\t\t<div class=\"elementor-element elementor-element-77fe6e6f elementor-widget elementor-widget-button\" data-id=\"77fe6e6f\" data-element_type=\"widget\" data-e-type=\"widget\" data-widget_type=\"button.default\">\n\t\t\t\t<div class=\"elementor-widget-container\">\n\t\t\t\t\t\t\t\t\t<div class=\"elementor-button-wrapper\">\n\t\t\t\t\t<a class=\"elementor-button elementor-button-link elementor-size-sm\" href=\"https:\/\/wa.me\/5531984107766?text=Ol%C3%A1%2C+gostaria+de+fazer+um+or%C3%A7amento+gr%C3%A1tis+com+a+2M+Engenharia+e+Constru%C3%A7%C3%A3o.\">\n\t\t\t\t\t\t<span class=\"elementor-button-content-wrapper\">\n\t\t\t\t\t\t\t\t\t<span class=\"elementor-button-text\">Agendar um Visita T\u00e9cnica<\/span>\n\t\t\t\t\t<\/span>\n\t\t\t\t\t<\/a>\n\t\t\t\t<\/div>\n\t\t\t\t\t\t\t\t<\/div>\n\t\t\t\t<\/div>\n\t\t\t\t\t<\/div>\n\t\t\t\t<\/div>\n\t\t<div class=\"elementor-element elementor-element-6bce4d09 e-flex e-con-boxed e-con e-parent\" data-id=\"6bce4d09\" data-element_type=\"container\" data-e-type=\"container\" data-settings=\"{&quot;background_background&quot;:&quot;classic&quot;}\">\n\t\t\t\t\t<div class=\"e-con-inner\">\n\t\t\t\t<div class=\"elementor-element elementor-element-76ef1f8 elementor-widget-divider--view-line_text elementor-widget-divider--element-align-right elementor-widget elementor-widget-divider\" data-id=\"76ef1f8\" data-element_type=\"widget\" data-e-type=\"widget\" data-widget_type=\"divider.default\">\n\t\t\t\t<div class=\"elementor-widget-container\">\n\t\t\t\t\t\t\t<div class=\"elementor-divider\">\n\t\t\t<span class=\"elementor-divider-separator\">\n\t\t\t\t\t\t\t<span class=\"elementor-divider__text elementor-divider__element\">\n\t\t\t\t2M Engenharia e Constru\u00e7\u00e3o\t\t\t\t<\/span>\n\t\t\t\t\t\t<\/span>\n\t\t<\/div>\n\t\t\t\t\t\t<\/div>\n\t\t\t\t<\/div>\n\t\t\t\t<div class=\"elementor-element elementor-element-4a1e2f0f animated-slow elementor-invisible elementor-widget elementor-widget-heading\" data-id=\"4a1e2f0f\" data-element_type=\"widget\" data-e-type=\"widget\" data-settings=\"{&quot;_animation&quot;:&quot;fadeInUp&quot;}\" data-widget_type=\"heading.default\">\n\t\t\t\t<div class=\"elementor-widget-container\">\n\t\t\t\t\t<h3 class=\"elementor-heading-title elementor-size-default\">Contamos com engenheiros especializados em Inspe\u00e7\u00e3o Predial e Laudos T\u00e9cnicos.\n<\/h3>\t\t\t\t<\/div>\n\t\t\t\t<\/div>\n\t\t\t\t<div class=\"elementor-element elementor-element-17eef3c9 elementor-widget elementor-widget-text-editor\" data-id=\"17eef3c9\" data-element_type=\"widget\" data-e-type=\"widget\" data-widget_type=\"text-editor.default\">\n\t\t\t\t<div class=\"elementor-widget-container\">\n\t\t\t\t\t\t\t\t\t<div class=\"elementor-element elementor-element-39436c69 elementor-widget elementor-widget-heading\" data-id=\"39436c69\" data-element_type=\"widget\" data-widget_type=\"heading.default\"><div class=\"elementor-widget-container\"><h4 class=\"elementor-heading-title elementor-size-default\">N\u00e3o comece sem a instru\u00e7\u00e3o de uma equipe especializada e certificada pelo Crea MG!<\/h4><h4 class=\"elementor-heading-title elementor-size-default\" style=\"text-align: center;\"><span style=\"color: #003366;\">Confie e se surpreenda conosco!<\/span><\/h4><\/div><\/div>\t\t\t\t\t\t\t\t<\/div>\n\t\t\t\t<\/div>\n\t\t<div class=\"elementor-element elementor-element-c071c16 e-con-full e-flex e-con e-child\" data-id=\"c071c16\" data-element_type=\"container\" data-e-type=\"container\">\n\t\t\t\t<div class=\"elementor-element elementor-element-cf8c115 elementor-align-center elementor-widget__width-inherit elementor-widget elementor-widget-button\" data-id=\"cf8c115\" data-element_type=\"widget\" data-e-type=\"widget\" data-widget_type=\"button.default\">\n\t\t\t\t<div class=\"elementor-widget-container\">\n\t\t\t\t\t\t\t\t\t<div class=\"elementor-button-wrapper\">\n\t\t\t\t\t<a class=\"elementor-button elementor-button-link elementor-size-sm\" href=\"https:\/\/wa.me\/5531984107766?text=Ol%C3%A1%2C+gostaria+de+fazer+um+or%C3%A7amento+gr%C3%A1tis+com+a+2M+Engenharia+e+Constru%C3%A7%C3%A3o.\">\n\t\t\t\t\t\t<span class=\"elementor-button-content-wrapper\">\n\t\t\t\t\t\t\t\t\t<span class=\"elementor-button-text\">Agendar um Visita T\u00e9cnica<\/span>\n\t\t\t\t\t<\/span>\n\t\t\t\t\t<\/a>\n\t\t\t\t<\/div>\n\t\t\t\t\t\t\t\t<\/div>\n\t\t\t\t<\/div>\n\t\t\t\t<\/div>\n\t\t\t\t\t<\/div>\n\t\t\t\t<\/div>\n\t\t\t\t<\/div>\n\t\t","protected":false},"excerpt":{"rendered":"<p>Home \/ Nossos Servi\u00e7os Inspe\u00e7\u00e3o Predial e Laudo T\u00e9cnico A Inspe\u00e7\u00e3o Predial \u00e9 um servi\u00e7o fundamental para constatar a sa\u00fade da edifica\u00e7\u00e3o. Por meio dela se tem um panorama geral de todas as patologias prediais, tais como, danos estruturais, infiltra\u00e7\u00f5es, trincas, desplacamentos, e outros. A inspe\u00e7\u00e3o predial \u00e9 a solu\u00e7\u00e3o ideal para guiar a realiza\u00e7\u00e3o&hellip; <a class=\"more-link\" href=\"https:\/\/www.2mconstrutora.com.br\/?page_id=194\">Continuar lendo <span class=\"screen-reader-text\">Inspe\u00e7\u00e3o Predial e Laudo T\u00e9cnico<\/span><\/a><\/p>\n","protected":false},"author":1,"featured_media":0,"parent":0,"menu_order":0,"comment_status":"closed","ping_status":"closed","template":"elementor_header_footer","meta":{"footnotes":""},"class_list":["post-194","page","type-page","status-publish","hentry","entry"],"_links":{"self":[{"href":"https:\/\/www.2mconstrutora.com.br\/index.php?rest_route=\/wp\/v2\/pages\/194","targetHints":{"allow":["GET"]}}],"collection":[{"href":"https:\/\/www.2mconstrutora.com.br\/index.php?rest_route=\/wp\/v2\/pages"}],"about":[{"href":"https:\/\/www.2mconstrutora.com.br\/index.php?rest_route=\/wp\/v2\/types\/page"}],"author":[{"embeddable":true,"href":"https:\/\/www.2mconstrutora.com.br\/index.php?rest_route=\/wp\/v2\/users\/1"}],"replies":[{"embeddable":true,"href":"https:\/\/www.2mconstrutora.com.br\/index.php?rest_route=%2Fwp%2Fv2%2Fcomments&post=194"}],"version-history":[{"count":16,"href":"https:\/\/www.2mconstrutora.com.br\/index.php?rest_route=\/wp\/v2\/pages\/194\/revisions"}],"predecessor-version":[{"id":790,"href":"https:\/\/www.2mconstrutora.com.br\/index.php?rest_route=\/wp\/v2\/pages\/194\/revisions\/790"}],"wp:attachment":[{"href":"https:\/\/www.2mconstrutora.com.br\/index.php?rest_route=%2Fwp%2Fv2%2Fmedia&parent=194"}],"curies":[{"name":"wp","href":"https:\/\/api.w.org\/{rel}","templated":true}]}}