{"id":183,"date":"2024-01-31T06:14:52","date_gmt":"2024-01-31T09:14:52","guid":{"rendered":"https:\/\/2mengenhariaconstrucao.com.br\/bh\/?page_id=183"},"modified":"2025-02-26T09:14:28","modified_gmt":"2025-02-26T12:14:28","slug":"reforma-predial-completa","status":"publish","type":"page","link":"https:\/\/www.2mconstrutora.com.br\/?page_id=183","title":{"rendered":"Reforma Predial Completa"},"content":{"rendered":"\t\t<div data-elementor-type=\"wp-page\" data-elementor-id=\"183\" class=\"elementor elementor-183\">\n\t\t\t\t<div class=\"elementor-element elementor-element-6ae22bde e-flex e-con-boxed e-con e-parent\" data-id=\"6ae22bde\" data-element_type=\"container\" data-e-type=\"container\" data-settings=\"{&quot;background_background&quot;:&quot;classic&quot;}\">\n\t\t\t\t\t<div class=\"e-con-inner\">\n\t\t\t\t<div class=\"elementor-element elementor-element-47aaf681 elementor-widget elementor-widget-text-editor\" data-id=\"47aaf681\" data-element_type=\"widget\" data-e-type=\"widget\" data-widget_type=\"text-editor.default\">\n\t\t\t\t<div class=\"elementor-widget-container\">\n\t\t\t\t\t\t\t\t\t<p><a href=\"#\">Home<\/a> \/ Nossos Servi\u00e7os<\/p>\t\t\t\t\t\t\t\t<\/div>\n\t\t\t\t<\/div>\n\t\t\t\t<div class=\"elementor-element elementor-element-8c2de6a elementor-widget elementor-widget-heading\" data-id=\"8c2de6a\" data-element_type=\"widget\" data-e-type=\"widget\" data-widget_type=\"heading.default\">\n\t\t\t\t<div class=\"elementor-widget-container\">\n\t\t\t\t\t<h2 class=\"elementor-heading-title elementor-size-default\">Reforma Predial Completa<\/h2>\t\t\t\t<\/div>\n\t\t\t\t<\/div>\n\t\t\t\t<div class=\"elementor-element elementor-element-c4f6c5d elementor-widget elementor-widget-html\" data-id=\"c4f6c5d\" data-element_type=\"widget\" data-e-type=\"widget\" data-widget_type=\"html.default\">\n\t\t\t\t<div class=\"elementor-widget-container\">\n\t\t\t\t\t<!-- Google tag (gtag.js) -->\r\n<script async src=\"https:\/\/www.googletagmanager.com\/gtag\/js?id=AW-10907178531\"><\/script>\r\n<script>\r\n  window.dataLayer = window.dataLayer || [];\r\n  function gtag(){dataLayer.push(arguments);}\r\n  gtag('js', new Date());\r\n\r\n  gtag('config', 'AW-10907178531');\r\n<\/script>\t\t\t\t<\/div>\n\t\t\t\t<\/div>\n\t\t\t\t\t<\/div>\n\t\t\t\t<\/div>\n\t\t<div class=\"elementor-element elementor-element-7fcb3817 e-flex e-con-boxed e-con e-parent\" data-id=\"7fcb3817\" data-element_type=\"container\" data-e-type=\"container\" data-settings=\"{&quot;background_background&quot;:&quot;classic&quot;}\">\n\t\t\t\t\t<div class=\"e-con-inner\">\n\t\t\t\t<div class=\"elementor-element elementor-element-4835fad9 elementor-widget__width-initial elementor-widget elementor-widget-heading\" data-id=\"4835fad9\" data-element_type=\"widget\" data-e-type=\"widget\" data-widget_type=\"heading.default\">\n\t\t\t\t<div class=\"elementor-widget-container\">\n\t\t\t\t\t<h3 class=\"elementor-heading-title elementor-size-default\">Por que uma manuten\u00e7\u00e3o predial ou uma reforma predial completa \u00e9 t\u00e3o importante?<\/h3>\t\t\t\t<\/div>\n\t\t\t\t<\/div>\n\t\t\t\t<div class=\"elementor-element elementor-element-63f59a8 elementor-widget__width-initial elementor-widget elementor-widget-text-editor\" data-id=\"63f59a8\" data-element_type=\"widget\" data-e-type=\"widget\" data-widget_type=\"text-editor.default\">\n\t\t\t\t<div class=\"elementor-widget-container\">\n\t\t\t\t\t\t\t\t\t<p>Por que ela <strong>Aumenta a Valoriza\u00e7\u00e3o do Patrim\u00f4nio<\/strong>, <strong>Reduz o Avan\u00e7o da Deteriora\u00e7\u00e3o<\/strong>, <strong>Aumenta a Seguran\u00e7a dos Cond\u00f4minos<\/strong>, \u00c9 uma <strong>Moderniza\u00e7\u00e3o Imediata<\/strong> e tamb\u00e9m faz com que constru\u00e7\u00f5es mais antigas fiquem com suas <strong>Adequa\u00e7\u00e3o \u00e0s Normas e Exig\u00eancias Atuais<\/strong>.<\/p>\t\t\t\t\t\t\t\t<\/div>\n\t\t\t\t<\/div>\n\t\t\t\t<div class=\"elementor-element elementor-element-77fe6e6f elementor-widget elementor-widget-button\" data-id=\"77fe6e6f\" data-element_type=\"widget\" data-e-type=\"widget\" data-widget_type=\"button.default\">\n\t\t\t\t<div class=\"elementor-widget-container\">\n\t\t\t\t\t\t\t\t\t<div class=\"elementor-button-wrapper\">\n\t\t\t\t\t<a class=\"elementor-button elementor-button-link elementor-size-sm\" href=\"https:\/\/wa.me\/5531984107766?text=Ol%C3%A1%2C+gostaria+de+fazer+um+or%C3%A7amento+gr%C3%A1tis+com+a+2M+Engenharia+e+Constru%C3%A7%C3%A3o.\">\n\t\t\t\t\t\t<span class=\"elementor-button-content-wrapper\">\n\t\t\t\t\t\t\t\t\t<span class=\"elementor-button-text\">Agendar um Visita T\u00e9cnica<\/span>\n\t\t\t\t\t<\/span>\n\t\t\t\t\t<\/a>\n\t\t\t\t<\/div>\n\t\t\t\t\t\t\t\t<\/div>\n\t\t\t\t<\/div>\n\t\t\t\t\t<\/div>\n\t\t\t\t<\/div>\n\t\t<div class=\"elementor-element elementor-element-7c81a10 e-flex e-con-boxed e-con e-parent\" data-id=\"7c81a10\" data-element_type=\"container\" data-e-type=\"container\">\n\t\t\t\t\t<div class=\"e-con-inner\">\n\t\t<div class=\"elementor-element elementor-element-1f696851 e-con-full e-flex e-con e-child\" data-id=\"1f696851\" data-element_type=\"container\" data-e-type=\"container\">\n\t\t<div class=\"elementor-element elementor-element-3adf860c e-con-full e-flex e-con e-child\" data-id=\"3adf860c\" data-element_type=\"container\" data-e-type=\"container\">\n\t\t\t\t<div class=\"elementor-element elementor-element-934b70 elementor-widget-divider--view-line_text elementor-widget-divider--element-align-right elementor-widget elementor-widget-divider\" data-id=\"934b70\" data-element_type=\"widget\" data-e-type=\"widget\" data-widget_type=\"divider.default\">\n\t\t\t\t<div class=\"elementor-widget-container\">\n\t\t\t\t\t\t\t<div class=\"elementor-divider\">\n\t\t\t<span class=\"elementor-divider-separator\">\n\t\t\t\t\t\t\t<span class=\"elementor-divider__text elementor-divider__element\">\n\t\t\t\tReforma Predial\t\t\t\t<\/span>\n\t\t\t\t\t\t<\/span>\n\t\t<\/div>\n\t\t\t\t\t\t<\/div>\n\t\t\t\t<\/div>\n\t\t\t\t<div class=\"elementor-element elementor-element-176f3de elementor-widget elementor-widget-image\" data-id=\"176f3de\" data-element_type=\"widget\" data-e-type=\"widget\" data-widget_type=\"image.default\">\n\t\t\t\t<div class=\"elementor-widget-container\">\n\t\t\t\t\t\t\t\t\t\t\t\t\t\t\t<img fetchpriority=\"high\" decoding=\"async\" width=\"679\" height=\"1024\" src=\"https:\/\/www.2mconstrutora.com.br\/wp-content\/uploads\/2024\/01\/reforma_predial-679x1024.jpg\" class=\"attachment-large size-large wp-image-187\" alt=\"\" srcset=\"https:\/\/www.2mconstrutora.com.br\/wp-content\/uploads\/2024\/01\/reforma_predial-679x1024.jpg 679w, https:\/\/www.2mconstrutora.com.br\/wp-content\/uploads\/2024\/01\/reforma_predial-199x300.jpg 199w, https:\/\/www.2mconstrutora.com.br\/wp-content\/uploads\/2024\/01\/reforma_predial.jpg 768w\" sizes=\"(max-width: 679px) 100vw, 679px\" style=\"width:100%;height:150.78%;max-width:768px\" \/>\t\t\t\t\t\t\t\t\t\t\t\t\t\t\t<\/div>\n\t\t\t\t<\/div>\n\t\t\t\t<\/div>\n\t\t<div class=\"elementor-element elementor-element-13d8730c e-con-full e-flex e-con e-child\" data-id=\"13d8730c\" data-element_type=\"container\" data-e-type=\"container\">\n\t\t\t\t<div class=\"elementor-element elementor-element-1cef28a6 elementor-widget elementor-widget-text-editor\" data-id=\"1cef28a6\" data-element_type=\"widget\" data-e-type=\"widget\" data-widget_type=\"text-editor.default\">\n\t\t\t\t<div class=\"elementor-widget-container\">\n\t\t\t\t\t\t\t\t\t<h4>Fachada dos Edif\u00edcios<\/h4><p>As fachadas s\u00e3o extremamente afetadas pelas intemp\u00e9ries, como chuva e sol. Com isso, os materiais construtivos, principalmente os acabamentos, sofrem com a deteriora\u00e7\u00e3o, perda de colora\u00e7\u00e3o, manchas, dentre outros aspectos.<br \/>As manuten\u00e7\u00f5es garantem a durabilidade da identidade que foi projetada, j\u00e1 as reformas se tratam de poss\u00edveis altera\u00e7\u00f5es na est\u00e9tica.<br \/>Para as edifica\u00e7\u00f5es mais antigas, a reforma e manuten\u00e7\u00e3o s\u00e3o ainda mais importantes para garantir a qualifica\u00e7\u00e3o e seguran\u00e7a do pr\u00e9dio.<\/p>\t\t\t\t\t\t\t\t<\/div>\n\t\t\t\t<\/div>\n\t\t\t\t<\/div>\n\t\t\t\t<\/div>\n\t\t\t\t\t<\/div>\n\t\t\t\t<\/div>\n\t\t<div class=\"elementor-element elementor-element-6bce4d09 e-flex e-con-boxed e-con e-parent\" data-id=\"6bce4d09\" data-element_type=\"container\" data-e-type=\"container\" data-settings=\"{&quot;background_background&quot;:&quot;classic&quot;}\">\n\t\t\t\t\t<div class=\"e-con-inner\">\n\t\t\t\t<div class=\"elementor-element elementor-element-76ef1f8 elementor-widget-divider--view-line_text elementor-widget-divider--element-align-right elementor-widget elementor-widget-divider\" data-id=\"76ef1f8\" data-element_type=\"widget\" data-e-type=\"widget\" data-widget_type=\"divider.default\">\n\t\t\t\t<div class=\"elementor-widget-container\">\n\t\t\t\t\t\t\t<div class=\"elementor-divider\">\n\t\t\t<span class=\"elementor-divider-separator\">\n\t\t\t\t\t\t\t<span class=\"elementor-divider__text elementor-divider__element\">\n\t\t\t\t2M Engenharia e Constru\u00e7\u00e3o\t\t\t\t<\/span>\n\t\t\t\t\t\t<\/span>\n\t\t<\/div>\n\t\t\t\t\t\t<\/div>\n\t\t\t\t<\/div>\n\t\t\t\t<div class=\"elementor-element elementor-element-4a1e2f0f animated-slow elementor-invisible elementor-widget elementor-widget-heading\" data-id=\"4a1e2f0f\" data-element_type=\"widget\" data-e-type=\"widget\" data-settings=\"{&quot;_animation&quot;:&quot;fadeInUp&quot;}\" data-widget_type=\"heading.default\">\n\t\t\t\t<div class=\"elementor-widget-container\">\n\t\t\t\t\t<h3 class=\"elementor-heading-title elementor-size-default\">Somos Especialista em Reformas Prediais, Revitaliza\u00e7\u00e3o de Fachadas, Limpeza e Impermeabiliza\u00e7\u00e3o.\n<\/h3>\t\t\t\t<\/div>\n\t\t\t\t<\/div>\n\t\t\t\t<div class=\"elementor-element elementor-element-17eef3c9 elementor-widget elementor-widget-text-editor\" data-id=\"17eef3c9\" data-element_type=\"widget\" data-e-type=\"widget\" data-widget_type=\"text-editor.default\">\n\t\t\t\t<div class=\"elementor-widget-container\">\n\t\t\t\t\t\t\t\t\t<div class=\"elementor-element elementor-element-39436c69 elementor-widget elementor-widget-heading\" data-id=\"39436c69\" data-element_type=\"widget\" data-widget_type=\"heading.default\"><div class=\"elementor-widget-container\"><h4 class=\"elementor-heading-title elementor-size-default\">Temos um hist\u00f3rico real de 100% DOS EMPREENDIMENTOS entregues no prazo.<\/h4><h4 class=\"elementor-heading-title elementor-size-default\" style=\"text-align: center;\"><span style=\"color: #003366;\">Confie e se surpreenda conosco!<\/span><\/h4><\/div><\/div>\t\t\t\t\t\t\t\t<\/div>\n\t\t\t\t<\/div>\n\t\t<div class=\"elementor-element elementor-element-c071c16 e-con-full e-flex e-con e-child\" data-id=\"c071c16\" data-element_type=\"container\" data-e-type=\"container\">\n\t\t\t\t<div class=\"elementor-element elementor-element-cf8c115 elementor-align-center elementor-widget__width-inherit elementor-widget elementor-widget-button\" data-id=\"cf8c115\" data-element_type=\"widget\" data-e-type=\"widget\" data-widget_type=\"button.default\">\n\t\t\t\t<div class=\"elementor-widget-container\">\n\t\t\t\t\t\t\t\t\t<div class=\"elementor-button-wrapper\">\n\t\t\t\t\t<a class=\"elementor-button elementor-button-link elementor-size-sm\" href=\"https:\/\/wa.me\/5531984107766?text=Ol%C3%A1%2C+gostaria+de+fazer+um+or%C3%A7amento+gr%C3%A1tis+com+a+2M+Engenharia+e+Constru%C3%A7%C3%A3o.\">\n\t\t\t\t\t\t<span class=\"elementor-button-content-wrapper\">\n\t\t\t\t\t\t\t\t\t<span class=\"elementor-button-text\">Agendar um Visita T\u00e9cnica<\/span>\n\t\t\t\t\t<\/span>\n\t\t\t\t\t<\/a>\n\t\t\t\t<\/div>\n\t\t\t\t\t\t\t\t<\/div>\n\t\t\t\t<\/div>\n\t\t\t\t<\/div>\n\t\t\t\t\t<\/div>\n\t\t\t\t<\/div>\n\t\t\t\t<\/div>\n\t\t","protected":false},"excerpt":{"rendered":"<p>Home \/ Nossos Servi\u00e7os Reforma Predial Completa Por que uma manuten\u00e7\u00e3o predial ou uma reforma predial completa \u00e9 t\u00e3o importante? Por que ela Aumenta a Valoriza\u00e7\u00e3o do Patrim\u00f4nio, Reduz o Avan\u00e7o da Deteriora\u00e7\u00e3o, Aumenta a Seguran\u00e7a dos Cond\u00f4minos, \u00c9 uma Moderniza\u00e7\u00e3o Imediata e tamb\u00e9m faz com que constru\u00e7\u00f5es mais antigas fiquem com suas Adequa\u00e7\u00e3o \u00e0s&hellip; <a class=\"more-link\" href=\"https:\/\/www.2mconstrutora.com.br\/?page_id=183\">Continuar lendo <span class=\"screen-reader-text\">Reforma Predial Completa<\/span><\/a><\/p>\n","protected":false},"author":1,"featured_media":0,"parent":0,"menu_order":0,"comment_status":"closed","ping_status":"closed","template":"elementor_header_footer","meta":{"footnotes":""},"class_list":["post-183","page","type-page","status-publish","hentry","entry"],"_links":{"self":[{"href":"https:\/\/www.2mconstrutora.com.br\/index.php?rest_route=\/wp\/v2\/pages\/183","targetHints":{"allow":["GET"]}}],"collection":[{"href":"https:\/\/www.2mconstrutora.com.br\/index.php?rest_route=\/wp\/v2\/pages"}],"about":[{"href":"https:\/\/www.2mconstrutora.com.br\/index.php?rest_route=\/wp\/v2\/types\/page"}],"author":[{"embeddable":true,"href":"https:\/\/www.2mconstrutora.com.br\/index.php?rest_route=\/wp\/v2\/users\/1"}],"replies":[{"embeddable":true,"href":"https:\/\/www.2mconstrutora.com.br\/index.php?rest_route=%2Fwp%2Fv2%2Fcomments&post=183"}],"version-history":[{"count":19,"href":"https:\/\/www.2mconstrutora.com.br\/index.php?rest_route=\/wp\/v2\/pages\/183\/revisions"}],"predecessor-version":[{"id":796,"href":"https:\/\/www.2mconstrutora.com.br\/index.php?rest_route=\/wp\/v2\/pages\/183\/revisions\/796"}],"wp:attachment":[{"href":"https:\/\/www.2mconstrutora.com.br\/index.php?rest_route=%2Fwp%2Fv2%2Fmedia&parent=183"}],"curies":[{"name":"wp","href":"https:\/\/api.w.org\/{rel}","templated":true}]}}